{"id":32,"date":"2015-03-27T00:46:38","date_gmt":"2015-03-27T00:46:38","guid":{"rendered":"http:\/\/www.agv1984.de\/?page_id=32"},"modified":"2015-05-12T06:13:13","modified_gmt":"2015-05-12T06:13:13","slug":"mitglied-werden","status":"publish","type":"page","link":"https:\/\/www.agv1984.de\/?page_id=32","title":{"rendered":"Mitglied werden"},"content":{"rendered":"<p>Hier k\u00f6nnt ihr die n\u00f6tigen Formulare herunterladen um Mitglied zu werden.<\/p>\n<p><a href=\"http:\/\/www.agv1984.de\/wp-content\/uploads\/2015\/03\/Beitrittserklaerung_AGV_1984.pdf\">Beitrittserkl\u00e4rung AGV 1984<\/a><\/p>\n<p><a href=\"http:\/\/www.agv1984.de\/wp-content\/uploads\/2015\/03\/SEPA-Formular.pdf\">SEPA-Formular<\/a><\/p>\n<p>Einfach ausf\u00fcllen und beim n\u00e4chsten Stammtisch mitbringen.<\/p>\n","protected":false},"excerpt":{"rendered":"<p>Hier k\u00f6nnt ihr die n\u00f6tigen Formulare herunterladen um Mitglied zu werden. Beitrittserkl\u00e4rung AGV 1984 SEPA-Formular Einfach ausf\u00fcllen und beim n\u00e4chsten Stammtisch mitbringen.<\/p>\n","protected":false},"author":1,"featured_media":0,"parent":0,"menu_order":0,"comment_status":"closed","ping_status":"closed","template":"","meta":[],"_links":{"self":[{"href":"https:\/\/www.agv1984.de\/index.php?rest_route=\/wp\/v2\/pages\/32"}],"collection":[{"href":"https:\/\/www.agv1984.de\/index.php?rest_route=\/wp\/v2\/pages"}],"about":[{"href":"https:\/\/www.agv1984.de\/index.php?rest_route=\/wp\/v2\/types\/page"}],"author":[{"embeddable":true,"href":"https:\/\/www.agv1984.de\/index.php?rest_route=\/wp\/v2\/users\/1"}],"replies":[{"embeddable":true,"href":"https:\/\/www.agv1984.de\/index.php?rest_route=%2Fwp%2Fv2%2Fcomments&post=32"}],"version-history":[{"count":8,"href":"https:\/\/www.agv1984.de\/index.php?rest_route=\/wp\/v2\/pages\/32\/revisions"}],"predecessor-version":[{"id":131,"href":"https:\/\/www.agv1984.de\/index.php?rest_route=\/wp\/v2\/pages\/32\/revisions\/131"}],"wp:attachment":[{"href":"https:\/\/www.agv1984.de\/index.php?rest_route=%2Fwp%2Fv2%2Fmedia&parent=32"}],"curies":[{"name":"wp","href":"https:\/\/api.w.org\/{rel}","templated":true}]}}