{"id":29,"date":"2015-03-26T23:17:28","date_gmt":"2015-03-26T23:17:28","guid":{"rendered":"http:\/\/www.agv1984.de\/?page_id=29"},"modified":"2025-11-16T11:32:57","modified_gmt":"2025-11-16T11:32:57","slug":"vorstand","status":"publish","type":"page","link":"https:\/\/www.agv1984.de\/?page_id=29","title":{"rendered":"Vorstand"},"content":{"rendered":"<p><strong>Vorsitzender:<\/strong> Felix Eisele (im Amt best\u00e4tigt bis JHV 2026)<\/p>\n<p><strong>stellvertretende Vorsitzende:<\/strong> Nadine Bruhse-Palme (im Amt best\u00e4tigt bis JHV 2027)<\/p>\n<p><strong>Kassier:<\/strong> Tobias Vogt (im Amt best\u00e4tigt bis JHV 2026)<\/p>\n<p><strong>Schriftf\u00fchrer:<\/strong> Alexander K\u00fcbler (im Amt best\u00e4tigt bis JHV 2027)<\/p>\n<p><strong>Organisatorinnen:<\/strong> Melanie Wengert und Simone M\u00e4rtz (im Amt best\u00e4tigt bis JHV 2027)<\/p>\n<p><strong>Pressewart:<\/strong> J\u00f6rg Hinderberger (im Amt best\u00e4tigt bis JHV 2026)<\/p>\n<p><strong>Kassenpr\u00fcfer:<\/strong> Benedikt Disam, Kristin Riedrich (im Amt best\u00e4tigt bis JHV 2027)<\/p>\n<p><strong>Beisitzer:<\/strong> Thomas Raab, Rebecca Sofric, Manuel Krautschneider (im Amt best\u00e4tigt bis JHV 2026)<\/p>\n","protected":false},"excerpt":{"rendered":"<p>Vorsitzender: Felix Eisele (im Amt best\u00e4tigt bis JHV 2026) stellvertretende Vorsitzende: Nadine Bruhse-Palme (im Amt best\u00e4tigt bis JHV 2027) Kassier: Tobias Vogt (im Amt best\u00e4tigt bis JHV 2026) Schriftf\u00fchrer: Alexander K\u00fcbler (im Amt best\u00e4tigt bis JHV 2027) Organisatorinnen: Melanie Wengert<\/p>\n","protected":false},"author":1,"featured_media":0,"parent":26,"menu_order":0,"comment_status":"closed","ping_status":"closed","template":"","meta":[],"_links":{"self":[{"href":"https:\/\/www.agv1984.de\/index.php?rest_route=\/wp\/v2\/pages\/29"}],"collection":[{"href":"https:\/\/www.agv1984.de\/index.php?rest_route=\/wp\/v2\/pages"}],"about":[{"href":"https:\/\/www.agv1984.de\/index.php?rest_route=\/wp\/v2\/types\/page"}],"author":[{"embeddable":true,"href":"https:\/\/www.agv1984.de\/index.php?rest_route=\/wp\/v2\/users\/1"}],"replies":[{"embeddable":true,"href":"https:\/\/www.agv1984.de\/index.php?rest_route=%2Fwp%2Fv2%2Fcomments&post=29"}],"version-history":[{"count":26,"href":"https:\/\/www.agv1984.de\/index.php?rest_route=\/wp\/v2\/pages\/29\/revisions"}],"predecessor-version":[{"id":1560,"href":"https:\/\/www.agv1984.de\/index.php?rest_route=\/wp\/v2\/pages\/29\/revisions\/1560"}],"up":[{"embeddable":true,"href":"https:\/\/www.agv1984.de\/index.php?rest_route=\/wp\/v2\/pages\/26"}],"wp:attachment":[{"href":"https:\/\/www.agv1984.de\/index.php?rest_route=%2Fwp%2Fv2%2Fmedia&parent=29"}],"curies":[{"name":"wp","href":"https:\/\/api.w.org\/{rel}","templated":true}]}}