{"id":101,"date":"2015-04-20T20:44:57","date_gmt":"2015-04-20T20:44:57","guid":{"rendered":"http:\/\/www.agv1984.de\/?page_id=101"},"modified":"2024-03-19T11:05:25","modified_gmt":"2024-03-19T11:05:25","slug":"impressum","status":"publish","type":"page","link":"https:\/\/www.agv1984.de\/?page_id=101","title":{"rendered":"Impressum"},"content":{"rendered":"<p><strong>Angaben gem\u00e4\u00df \u00a7 5 TMG<\/strong><\/p>\n<p>Altersgenossenverein 1984 Schw\u00e4bisch Gm\u00fcnd<br \/>\nHebelstra\u00dfe 16<br \/>\n73527 Schw\u00e4bisch Gm\u00fcnd<\/p>\n<p><strong>Vertreten durch<\/strong><\/p>\n<p>Michaela Schmidt<br \/>\nHebelstra\u00dfe 16<br \/>\n73527 Schw\u00e4bisch Gm\u00fcnd<\/p>\n<p><strong>Kontakt<\/strong><\/p>\n<table>\n<tbody>\n<tr>\n<td>E-Mail:<\/td>\n<td>vorstand@agv1984.de<\/td>\n<\/tr>\n<\/tbody>\n<\/table>\n<p><strong>Verantwortlich f\u00fcr den Inhalt nach \u00a7 55 Abs. 2 RStV<\/strong><\/p>\n<p>Matthias Palme<br \/>\nGoethestrasse 2<br \/>\n73574 Iggingen<\/p>\n","protected":false},"excerpt":{"rendered":"<p>Angaben gem\u00e4\u00df \u00a7 5 TMG Altersgenossenverein 1984 Schw\u00e4bisch Gm\u00fcnd Hebelstra\u00dfe 16 73527 Schw\u00e4bisch Gm\u00fcnd Vertreten durch Michaela Schmidt Hebelstra\u00dfe 16 73527 Schw\u00e4bisch Gm\u00fcnd Kontakt E-Mail: vorstand@agv1984.de Verantwortlich f\u00fcr den Inhalt nach \u00a7 55 Abs. 2 RStV Matthias Palme Goethestrasse 2<\/p>\n","protected":false},"author":1,"featured_media":0,"parent":0,"menu_order":0,"comment_status":"closed","ping_status":"closed","template":"","meta":[],"_links":{"self":[{"href":"https:\/\/www.agv1984.de\/index.php?rest_route=\/wp\/v2\/pages\/101"}],"collection":[{"href":"https:\/\/www.agv1984.de\/index.php?rest_route=\/wp\/v2\/pages"}],"about":[{"href":"https:\/\/www.agv1984.de\/index.php?rest_route=\/wp\/v2\/types\/page"}],"author":[{"embeddable":true,"href":"https:\/\/www.agv1984.de\/index.php?rest_route=\/wp\/v2\/users\/1"}],"replies":[{"embeddable":true,"href":"https:\/\/www.agv1984.de\/index.php?rest_route=%2Fwp%2Fv2%2Fcomments&post=101"}],"version-history":[{"count":5,"href":"https:\/\/www.agv1984.de\/index.php?rest_route=\/wp\/v2\/pages\/101\/revisions"}],"predecessor-version":[{"id":1236,"href":"https:\/\/www.agv1984.de\/index.php?rest_route=\/wp\/v2\/pages\/101\/revisions\/1236"}],"wp:attachment":[{"href":"https:\/\/www.agv1984.de\/index.php?rest_route=%2Fwp%2Fv2%2Fmedia&parent=101"}],"curies":[{"name":"wp","href":"https:\/\/api.w.org\/{rel}","templated":true}]}}